{"id":274,"date":"2024-12-27T11:53:04","date_gmt":"2024-12-27T09:53:04","guid":{"rendered":"https:\/\/www.lingvistor.fi\/?page_id=274"},"modified":"2024-12-27T16:26:17","modified_gmt":"2024-12-27T14:26:17","slug":"palvelut","status":"publish","type":"page","link":"https:\/\/www.lingvistor.fi\/?page_id=274&lang=fi","title":{"rendered":"Palvelut"},"content":{"rendered":"<p>[et_pb_section fb_built=&#8221;1&#8243; admin_label=&#8221;Header&#8221; _builder_version=&#8221;4.27.3&#8243; _module_preset=&#8221;default&#8221; collapsed=&#8221;on&#8221; global_colors_info=&#8221;{%22gcid-a38ea201-6040-4fea-b7a4-603c94016c0c%22:%91%22background_color%22%93}&#8221;][et_pb_row _builder_version=&#8221;4.27.3&#8243; _module_preset=&#8221;default&#8221; global_colors_info=&#8221;{}&#8221;][et_pb_column type=&#8221;4_4&#8243; _builder_version=&#8221;4.27.3&#8243; _module_preset=&#8221;default&#8221; global_colors_info=&#8221;{}&#8221;][et_pb_heading title=&#8221;Mit\u00e4 voimme tehd\u00e4 puolestasi&#8221; _builder_version=&#8221;4.27.4&#8243; _module_preset=&#8221;2eaa1252-fdfd-4d72-a52a-8e4c2a13c028&#8243; global_colors_info=&#8221;{}&#8221;][\/et_pb_heading][et_pb_heading title=&#8221;Palvelumme&#8221; _builder_version=&#8221;4.27.3&#8243; _module_preset=&#8221;1bf9230d-7495-4141-b7a8-b5f0fac2c95b&#8221; global_colors_info=&#8221;{}&#8221;][\/et_pb_heading][\/et_pb_column][\/et_pb_row][\/et_pb_section][et_pb_section fb_built=&#8221;1&#8243; admin_label=&#8221;Services&#8221; _builder_version=&#8221;4.27.3&#8243; _module_preset=&#8221;default&#8221; collapsed=&#8221;on&#8221; global_colors_info=&#8221;{%22gcid-a38ea201-6040-4fea-b7a4-603c94016c0c%22:%91%22background_color%22%93}&#8221; custom_margin=&#8221;-1px|||||&#8221;][et_pb_row column_structure=&#8221;1_3,1_3,1_3&#8243; use_custom_gutter=&#8221;on&#8221; gutter_width=&#8221;1&#8243; _builder_version=&#8221;4.27.3&#8243; _module_preset=&#8221;default&#8221; global_colors_info=&#8221;{}&#8221;][et_pb_column type=&#8221;1_3&#8243; _builder_version=&#8221;4.27.3&#8243; _module_preset=&#8221;default&#8221; global_colors_info=&#8221;{}&#8221;][et_pb_heading title=&#8221;Tulkkauspalvelut&#8221; _builder_version=&#8221;4.27.3&#8243; _module_preset=&#8221;0adaddf9-f1ec-4afa-9b24-b81c1384b572&#8243; global_colors_info=&#8221;{}&#8221;][\/et_pb_heading][\/et_pb_column][et_pb_column type=&#8221;1_3&#8243; _builder_version=&#8221;4.27.3&#8243; _module_preset=&#8221;default&#8221; custom_padding=&#8221;|30px||30px|false|true&#8221; custom_padding_tablet=&#8221;|0px||0px|false|true&#8221; custom_padding_phone=&#8221;|0px||0px|false|true&#8221; custom_padding_last_edited=&#8221;on|tablet&#8221; global_colors_info=&#8221;{}&#8221;][et_pb_text _builder_version=&#8221;4.27.3&#8243; _module_preset=&#8221;7467d508-8d80-43ee-b533-9d51832aaf4f&#8221; custom_padding=&#8221;||0px|||&#8221; global_colors_info=&#8221;{}&#8221;]<\/p>\n<p>Tarvitsitpa sitten simultaani-, konsekutiivi- tai kuiskaustulkkausta, ammattitaitoiset tulkkimme auttavat sujuvan ja tehokkaan viestinn\u00e4n j\u00e4rjest\u00e4misess\u00e4 erilaisissa tilanteissa, kuten:<\/p>\n<ul>\n<li><strong>Konferenssit ja seminaarit<\/strong><\/li>\n<li><strong>Yrityskokoukset<\/strong><\/li>\n<li><strong>Oikeudenk\u00e4ynnit<\/strong><\/li>\n<li><strong>L\u00e4\u00e4k\u00e4rin konsultaatiot<\/strong><\/li>\n<\/ul>\n<p>[\/et_pb_text][\/et_pb_column][et_pb_column type=&#8221;1_3&#8243; _builder_version=&#8221;4.27.3&#8243; _module_preset=&#8221;default&#8221; global_colors_info=&#8221;{}&#8221;][et_pb_button button_text=&#8221;Aloita&#8221; button_alignment=&#8221;right&#8221; button_alignment_tablet=&#8221;left&#8221; button_alignment_phone=&#8221;left&#8221; button_alignment_last_edited=&#8221;on|desktop&#8221; _builder_version=&#8221;4.27.3&#8243; _module_preset=&#8221;1c051a38-3495-4819-a920-8f590ba49d01&#8243; global_colors_info=&#8221;{}&#8221;][\/et_pb_button][\/et_pb_column][\/et_pb_row][et_pb_row column_structure=&#8221;1_3,1_3,1_3&#8243; use_custom_gutter=&#8221;on&#8221; gutter_width=&#8221;1&#8243; _builder_version=&#8221;4.27.3&#8243; _module_preset=&#8221;default&#8221; global_colors_info=&#8221;{}&#8221;][et_pb_column type=&#8221;1_3&#8243; _builder_version=&#8221;4.27.3&#8243; _module_preset=&#8221;default&#8221; global_colors_info=&#8221;{}&#8221;][et_pb_heading title=&#8221;K\u00e4\u00e4nn\u00f6spalvelut&#8221; _builder_version=&#8221;4.27.3&#8243; _module_preset=&#8221;0adaddf9-f1ec-4afa-9b24-b81c1384b572&#8243; global_colors_info=&#8221;{}&#8221;][\/et_pb_heading][\/et_pb_column][et_pb_column type=&#8221;1_3&#8243; _builder_version=&#8221;4.27.3&#8243; _module_preset=&#8221;default&#8221; custom_padding=&#8221;|30px||30px|false|true&#8221; custom_padding_tablet=&#8221;|0px||0px|false|true&#8221; custom_padding_phone=&#8221;|0px||0px|false|true&#8221; custom_padding_last_edited=&#8221;on|tablet&#8221; global_colors_info=&#8221;{}&#8221;][et_pb_text _builder_version=&#8221;4.27.3&#8243; _module_preset=&#8221;7467d508-8d80-43ee-b533-9d51832aaf4f&#8221; custom_padding=&#8221;||0px|||&#8221; global_colors_info=&#8221;{}&#8221;]<\/p>\n<p>Ammattitaitoiset k\u00e4\u00e4nt\u00e4j\u00e4mme ovat asiantuntijoita tuottamaan tarkkoja ja kulttuurisesti sopivia k\u00e4\u00e4nn\u00f6ksi\u00e4 monenlaisille asiakirjoille, kuten:<\/p>\n<ul>\n<li><strong>Oikeudelliset asiakirjat<\/strong><\/li>\n<li><strong>Tekniset k\u00e4sikirjat<\/strong><\/li>\n<li><strong>Markkinointimateriaalit<\/strong><\/li>\n<li><strong>Verkkosivuston sis\u00e4lt\u00f6<\/strong><\/li>\n<\/ul>\n<p>[\/et_pb_text][\/et_pb_column][et_pb_column type=&#8221;1_3&#8243; _builder_version=&#8221;4.27.3&#8243; _module_preset=&#8221;default&#8221; global_colors_info=&#8221;{}&#8221;][et_pb_button button_text=&#8221;Aloita&#8221; button_alignment=&#8221;right&#8221; button_alignment_tablet=&#8221;left&#8221; button_alignment_phone=&#8221;left&#8221; button_alignment_last_edited=&#8221;on|desktop&#8221; _builder_version=&#8221;4.27.3&#8243; _module_preset=&#8221;1c051a38-3495-4819-a920-8f590ba49d01&#8243; global_colors_info=&#8221;{}&#8221;][\/et_pb_button][\/et_pb_column][\/et_pb_row][\/et_pb_section][et_pb_section fb_built=&#8221;1&#8243; admin_label=&#8221;Header&#8221; _builder_version=&#8221;4.27.3&#8243; _module_preset=&#8221;default&#8221; collapsed=&#8221;on&#8221; global_colors_info=&#8221;{%22gcid-a38ea201-6040-4fea-b7a4-603c94016c0c%22:%91%22background_color%22%93}&#8221;][et_pb_row _builder_version=&#8221;4.27.3&#8243; _module_preset=&#8221;default&#8221; global_colors_info=&#8221;{}&#8221;][et_pb_column type=&#8221;4_4&#8243; _builder_version=&#8221;4.27.3&#8243; _module_preset=&#8221;default&#8221; global_colors_info=&#8221;{}&#8221;][et_pb_heading title=&#8221;Miksi valita Lingvistor?&#8221; _builder_version=&#8221;4.27.4&#8243; _module_preset=&#8221;1bf9230d-7495-4141-b7a8-b5f0fac2c95b&#8221; global_colors_info=&#8221;{}&#8221;][\/et_pb_heading][\/et_pb_column][\/et_pb_row][\/et_pb_section][et_pb_section fb_built=&#8221;1&#8243; admin_label=&#8221;Services&#8221; _builder_version=&#8221;4.27.3&#8243; _module_preset=&#8221;default&#8221; collapsed=&#8221;on&#8221; global_colors_info=&#8221;{%22gcid-a38ea201-6040-4fea-b7a4-603c94016c0c%22:%91%22background_color%22%93}&#8221;][et_pb_row column_structure=&#8221;1_3,1_3,1_3&#8243; use_custom_gutter=&#8221;on&#8221; gutter_width=&#8221;1&#8243; _builder_version=&#8221;4.27.3&#8243; _module_preset=&#8221;default&#8221; global_colors_info=&#8221;{}&#8221;][et_pb_column type=&#8221;1_3&#8243; _builder_version=&#8221;4.27.3&#8243; _module_preset=&#8221;default&#8221; global_colors_info=&#8221;{}&#8221;][et_pb_heading title=&#8221;Asiantuntijalingvistit&#8221; _builder_version=&#8221;4.27.4&#8243; _module_preset=&#8221;0adaddf9-f1ec-4afa-9b24-b81c1384b572&#8243; global_colors_info=&#8221;{}&#8221;][\/et_pb_heading][\/et_pb_column][et_pb_column type=&#8221;1_3&#8243; _builder_version=&#8221;4.27.3&#8243; _module_preset=&#8221;default&#8221; custom_padding=&#8221;|30px||30px|false|true&#8221; custom_padding_tablet=&#8221;|0px||0px|false|true&#8221; custom_padding_phone=&#8221;|0px||0px|false|true&#8221; custom_padding_last_edited=&#8221;on|tablet&#8221; global_colors_info=&#8221;{}&#8221;][et_pb_text _builder_version=&#8221;4.27.3&#8243; _module_preset=&#8221;7467d508-8d80-43ee-b533-9d51832aaf4f&#8221; custom_padding=&#8221;||0px|||&#8221; global_colors_info=&#8221;{}&#8221;]<\/p>\n<p><span>Tiimimme koostuu \u00e4idinkielen\u00e4\u00e4n puhuvista ammattilaisista, joilla on laaja kokemus omalta alaltaan.<\/span><\/p>\n<ul><\/ul>\n<p>[\/et_pb_text][\/et_pb_column][et_pb_column type=&#8221;1_3&#8243; _builder_version=&#8221;4.27.3&#8243; _module_preset=&#8221;default&#8221; global_colors_info=&#8221;{}&#8221;][\/et_pb_column][\/et_pb_row][et_pb_row column_structure=&#8221;1_3,1_3,1_3&#8243; use_custom_gutter=&#8221;on&#8221; gutter_width=&#8221;1&#8243; _builder_version=&#8221;4.27.3&#8243; _module_preset=&#8221;default&#8221; global_colors_info=&#8221;{}&#8221;][et_pb_column type=&#8221;1_3&#8243; _builder_version=&#8221;4.27.3&#8243; _module_preset=&#8221;default&#8221; global_colors_info=&#8221;{}&#8221;][et_pb_heading title=&#8221;Asiakaskeskeinen l\u00e4hestymistapa&#8221; _builder_version=&#8221;4.27.4&#8243; _module_preset=&#8221;0adaddf9-f1ec-4afa-9b24-b81c1384b572&#8243; global_colors_info=&#8221;{}&#8221;][\/et_pb_heading][\/et_pb_column][et_pb_column type=&#8221;1_3&#8243; _builder_version=&#8221;4.27.3&#8243; _module_preset=&#8221;default&#8221; custom_padding=&#8221;|30px||30px|false|true&#8221; custom_padding_tablet=&#8221;|0px||0px|false|true&#8221; custom_padding_phone=&#8221;|0px||0px|false|true&#8221; custom_padding_last_edited=&#8221;on|tablet&#8221; global_colors_info=&#8221;{}&#8221;][et_pb_text _builder_version=&#8221;4.27.3&#8243; _module_preset=&#8221;7467d508-8d80-43ee-b533-9d51832aaf4f&#8221; global_colors_info=&#8221;{}&#8221;]<\/p>\n<p><span>Asetamme asiakkaidemme tarpeet etusijalle ja pyrimme ylitt\u00e4m\u00e4\u00e4n heid\u00e4n odotuksensa jokaisessa projektissa varmistaen, ett\u00e4 tarpeet t\u00e4ytet\u00e4\u00e4n \u00e4\u00e4rimm\u00e4isen ammattimaisesti.<\/span><\/p>\n<p>[\/et_pb_text][\/et_pb_column][et_pb_column type=&#8221;1_3&#8243; _builder_version=&#8221;4.27.3&#8243; _module_preset=&#8221;default&#8221; global_colors_info=&#8221;{}&#8221;][\/et_pb_column][\/et_pb_row][et_pb_row column_structure=&#8221;1_3,1_3,1_3&#8243; use_custom_gutter=&#8221;on&#8221; gutter_width=&#8221;1&#8243; _builder_version=&#8221;4.27.3&#8243; _module_preset=&#8221;default&#8221; global_colors_info=&#8221;{}&#8221;][et_pb_column type=&#8221;1_3&#8243; _builder_version=&#8221;4.27.3&#8243; _module_preset=&#8221;default&#8221; global_colors_info=&#8221;{}&#8221;][et_pb_heading title=&#8221;Laadunvarmistus&#8221; _builder_version=&#8221;4.27.4&#8243; _module_preset=&#8221;0adaddf9-f1ec-4afa-9b24-b81c1384b572&#8243; global_colors_info=&#8221;{}&#8221;][\/et_pb_heading][\/et_pb_column][et_pb_column type=&#8221;1_3&#8243; _builder_version=&#8221;4.27.3&#8243; _module_preset=&#8221;default&#8221; custom_padding=&#8221;|30px||30px|false|true&#8221; custom_padding_tablet=&#8221;|0px||0px|false|true&#8221; custom_padding_phone=&#8221;|0px||0px|false|true&#8221; custom_padding_last_edited=&#8221;on|tablet&#8221; global_colors_info=&#8221;{}&#8221;][et_pb_text _builder_version=&#8221;4.27.3&#8243; _module_preset=&#8221;7467d508-8d80-43ee-b533-9d51832aaf4f&#8221; custom_padding=&#8221;||0px|||&#8221; global_colors_info=&#8221;{}&#8221;]<\/p>\n<p><span>Noudatamme tiukkoja laadunvalvontaprosesseja varmistaaksemme tarkkuuden ja luotettavuuden korkeimmat standardit.<\/span><\/p>\n<ul><\/ul>\n<p>[\/et_pb_text][\/et_pb_column][et_pb_column type=&#8221;1_3&#8243; _builder_version=&#8221;4.27.3&#8243; _module_preset=&#8221;default&#8221; global_colors_info=&#8221;{}&#8221;][\/et_pb_column][\/et_pb_row][et_pb_row column_structure=&#8221;1_3,1_3,1_3&#8243; use_custom_gutter=&#8221;on&#8221; gutter_width=&#8221;1&#8243; _builder_version=&#8221;4.27.3&#8243; _module_preset=&#8221;default&#8221; global_colors_info=&#8221;{}&#8221;][et_pb_column type=&#8221;1_3&#8243; _builder_version=&#8221;4.27.3&#8243; _module_preset=&#8221;default&#8221; global_colors_info=&#8221;{}&#8221;][et_pb_heading title=&#8221;Luottamuksellisuus&#8221; _builder_version=&#8221;4.27.3&#8243; _module_preset=&#8221;0adaddf9-f1ec-4afa-9b24-b81c1384b572&#8243; global_colors_info=&#8221;{}&#8221;][\/et_pb_heading][\/et_pb_column][et_pb_column type=&#8221;1_3&#8243; _builder_version=&#8221;4.27.3&#8243; _module_preset=&#8221;default&#8221; custom_padding=&#8221;|30px||30px|false|true&#8221; custom_padding_tablet=&#8221;|0px||0px|false|true&#8221; custom_padding_phone=&#8221;|0px||0px|false|true&#8221; custom_padding_last_edited=&#8221;on|tablet&#8221; global_colors_info=&#8221;{}&#8221;][et_pb_text _builder_version=&#8221;4.27.3&#8243; _module_preset=&#8221;7467d508-8d80-43ee-b533-9d51832aaf4f&#8221; global_colors_info=&#8221;{}&#8221;]<\/p>\n<p><span>Ymm\u00e4rr\u00e4mme yksityisyyden ja luottamuksellisuuden merkityksen ty\u00f6ss\u00e4mme ja takaamme kaikkien asiakirjojen ja tietojen turvallisen k\u00e4sittelyn.<\/span><\/p>\n<p>[\/et_pb_text][\/et_pb_column][et_pb_column type=&#8221;1_3&#8243; _builder_version=&#8221;4.27.3&#8243; _module_preset=&#8221;default&#8221; global_colors_info=&#8221;{}&#8221;][\/et_pb_column][\/et_pb_row][et_pb_row column_structure=&#8221;1_3,1_3,1_3&#8243; use_custom_gutter=&#8221;on&#8221; gutter_width=&#8221;1&#8243; _builder_version=&#8221;4.27.3&#8243; _module_preset=&#8221;default&#8221; global_colors_info=&#8221;{}&#8221;][et_pb_column type=&#8221;1_3&#8243; _builder_version=&#8221;4.27.3&#8243; _module_preset=&#8221;default&#8221; global_colors_info=&#8221;{}&#8221;][et_pb_heading title=&#8221;Innovaatio&#8221; _builder_version=&#8221;4.27.3&#8243; _module_preset=&#8221;0adaddf9-f1ec-4afa-9b24-b81c1384b572&#8243; hover_enabled=&#8221;0&#8243; global_colors_info=&#8221;{}&#8221; sticky_enabled=&#8221;0&#8243;][\/et_pb_heading][\/et_pb_column][et_pb_column type=&#8221;1_3&#8243; _builder_version=&#8221;4.27.3&#8243; _module_preset=&#8221;default&#8221; custom_padding=&#8221;|30px||30px|false|true&#8221; custom_padding_tablet=&#8221;|0px||0px|false|true&#8221; custom_padding_phone=&#8221;|0px||0px|false|true&#8221; custom_padding_last_edited=&#8221;on|tablet&#8221; global_colors_info=&#8221;{}&#8221;][et_pb_text _builder_version=&#8221;4.27.3&#8243; _module_preset=&#8221;7467d508-8d80-43ee-b533-9d51832aaf4f&#8221; global_colors_info=&#8221;{}&#8221;]<\/p>\n<p><span>Sitoutumisemme huippuosaamiseen n\u00e4kyy asiakaskeskeisess\u00e4 l\u00e4hestymistavassamme, jolla varmistamme, ett\u00e4 tarpeisiisi vastataan \u00e4\u00e4rimm\u00e4isen ammattimaisesti.<\/span><\/p>\n<p>[\/et_pb_text][\/et_pb_column][et_pb_column type=&#8221;1_3&#8243; _builder_version=&#8221;4.27.3&#8243; _module_preset=&#8221;default&#8221; global_colors_info=&#8221;{}&#8221;][\/et_pb_column][\/et_pb_row][\/et_pb_section][et_pb_section fb_built=&#8221;1&#8243; theme_builder_area=&#8221;post_content&#8221; _builder_version=&#8221;4.27.4&#8243; _module_preset=&#8221;default&#8221;][et_pb_row _builder_version=&#8221;4.27.4&#8243; _module_preset=&#8221;default&#8221; theme_builder_area=&#8221;post_content&#8221;][et_pb_column _builder_version=&#8221;4.27.4&#8243; _module_preset=&#8221;default&#8221; type=&#8221;4_4&#8243; theme_builder_area=&#8221;post_content&#8221;][et_pb_text _builder_version=&#8221;4.27.4&#8243; _module_preset=&#8221;default&#8221; theme_builder_area=&#8221;post_content&#8221; hover_enabled=&#8221;0&#8243; sticky_enabled=&#8221;0&#8243;]<\/p>\n<p><span>Liity meihin Lingvistoriin ja koe ero, jonka ammattitaitoiset ja henkil\u00f6kohtaiset kielipalvelut voivat tehd\u00e4. Anna meid\u00e4n auttaa sinua selviytym\u00e4\u00e4n monikielisen viestinn\u00e4n monimutkaisista kysymyksist\u00e4 helposti ja luottavaisesti.<\/span><\/p>\n<p>[\/et_pb_text][\/et_pb_column][\/et_pb_row][\/et_pb_section]<\/p>\n","protected":false},"excerpt":{"rendered":"<p>Tarvitsitpa sitten simultaani-, konsekutiivi- tai kuiskaustulkkausta, ammattitaitoiset tulkkimme auttavat sujuvan ja tehokkaan viestinn\u00e4n j\u00e4rjest\u00e4misess\u00e4 erilaisissa tilanteissa, kuten: Konferenssit ja seminaarit Yrityskokoukset Oikeudenk\u00e4ynnit L\u00e4\u00e4k\u00e4rin konsultaatiot Ammattitaitoiset k\u00e4\u00e4nt\u00e4j\u00e4mme ovat asiantuntijoita tuottamaan tarkkoja ja kulttuurisesti sopivia k\u00e4\u00e4nn\u00f6ksi\u00e4 monenlaisille asiakirjoille, kuten: Oikeudelliset asiakirjat Tekniset k\u00e4sikirjat Markkinointimateriaalit Verkkosivuston sis\u00e4lt\u00f6 Tiimimme koostuu \u00e4idinkielen\u00e4\u00e4n puhuvista ammattilaisista, joilla on laaja kokemus omalta alaltaan. [&hellip;]<\/p>\n","protected":false},"author":1,"featured_media":0,"parent":0,"menu_order":0,"comment_status":"closed","ping_status":"closed","template":"","meta":{"_et_pb_use_builder":"on","_et_pb_old_content":"","_et_gb_content_width":"","footnotes":""},"class_list":["post-274","page","type-page","status-publish","hentry"],"_links":{"self":[{"href":"https:\/\/www.lingvistor.fi\/index.php?rest_route=\/wp\/v2\/pages\/274","targetHints":{"allow":["GET"]}}],"collection":[{"href":"https:\/\/www.lingvistor.fi\/index.php?rest_route=\/wp\/v2\/pages"}],"about":[{"href":"https:\/\/www.lingvistor.fi\/index.php?rest_route=\/wp\/v2\/types\/page"}],"author":[{"embeddable":true,"href":"https:\/\/www.lingvistor.fi\/index.php?rest_route=\/wp\/v2\/users\/1"}],"replies":[{"embeddable":true,"href":"https:\/\/www.lingvistor.fi\/index.php?rest_route=%2Fwp%2Fv2%2Fcomments&post=274"}],"version-history":[{"count":2,"href":"https:\/\/www.lingvistor.fi\/index.php?rest_route=\/wp\/v2\/pages\/274\/revisions"}],"predecessor-version":[{"id":276,"href":"https:\/\/www.lingvistor.fi\/index.php?rest_route=\/wp\/v2\/pages\/274\/revisions\/276"}],"wp:attachment":[{"href":"https:\/\/www.lingvistor.fi\/index.php?rest_route=%2Fwp%2Fv2%2Fmedia&parent=274"}],"curies":[{"name":"wp","href":"https:\/\/api.w.org\/{rel}","templated":true}]}}