{"id":283,"date":"2024-12-27T11:53:04","date_gmt":"2024-12-27T09:53:04","guid":{"rendered":"https:\/\/www.lingvistor.fi\/?page_id=283"},"modified":"2024-12-27T16:28:50","modified_gmt":"2024-12-27T14:28:50","slug":"tietoja","status":"publish","type":"page","link":"https:\/\/www.lingvistor.fi\/?page_id=283&lang=fi","title":{"rendered":"Tietoja"},"content":{"rendered":"<p>[et_pb_section fb_built=&#8221;1&#8243; admin_label=&#8221;Header&#8221; _builder_version=&#8221;4.27.3&#8243; _module_preset=&#8221;default&#8221; collapsed=&#8221;on&#8221; global_colors_info=&#8221;{%22gcid-a38ea201-6040-4fea-b7a4-603c94016c0c%22:%91%22background_color%22%93}&#8221;][et_pb_row _builder_version=&#8221;4.27.4&#8243; _module_preset=&#8221;default&#8221; hover_enabled=&#8221;0&#8243; sticky_enabled=&#8221;0&#8243;][et_pb_column _builder_version=&#8221;4.27.4&#8243; _module_preset=&#8221;default&#8221; type=&#8221;4_4&#8243;][et_pb_heading title=&#8221;Tietoja Lingvistorista&#8221; _builder_version=&#8221;4.27.4&#8243; _module_preset=&#8221;default&#8221; hover_enabled=&#8221;0&#8243; sticky_enabled=&#8221;0&#8243;][\/et_pb_heading][\/et_pb_column][\/et_pb_row][et_pb_row _builder_version=&#8221;4.27.3&#8243; _module_preset=&#8221;default&#8221; global_colors_info=&#8221;{}&#8221;][et_pb_column type=&#8221;4_4&#8243; _builder_version=&#8221;4.27.3&#8243; _module_preset=&#8221;default&#8221; global_colors_info=&#8221;{}&#8221;][et_pb_text _builder_version=&#8221;4.27.4&#8243; _module_preset=&#8221;7467d508-8d80-43ee-b533-9d51832aaf4f&#8221; text_orientation=&#8221;center&#8221; hover_enabled=&#8221;0&#8243; global_colors_info=&#8221;{}&#8221; custom_padding=&#8221;||0px|||&#8221; sticky_enabled=&#8221;0&#8243;]<\/p>\n<p style=\"text-align: left;\"><span>Vuonna 2024 perustettu Lingvistor on omistautunut kielimuurien murtamiselle ja kulttuurien v\u00e4lisen selke\u00e4n viestinn\u00e4n edist\u00e4miselle. Olemme erikoistuneet tarjoamaan huippuluokan tulkkaus- ja k\u00e4\u00e4nn\u00f6spalveluita ukrainaksi, ruotsiksi, suomeksi ja englanniksi. <\/span><\/p>\n<p>[\/et_pb_text][\/et_pb_column][\/et_pb_row][et_pb_row _builder_version=&#8221;4.27.4&#8243; _module_preset=&#8221;default&#8221; hover_enabled=&#8221;0&#8243; sticky_enabled=&#8221;0&#8243;][et_pb_column _builder_version=&#8221;4.27.4&#8243; _module_preset=&#8221;default&#8221; type=&#8221;4_4&#8243;][et_pb_heading title=&#8221;Teht\u00e4v\u00e4mme&#8221; _builder_version=&#8221;4.27.4&#8243; _module_preset=&#8221;default&#8221; hover_enabled=&#8221;0&#8243; sticky_enabled=&#8221;0&#8243;][\/et_pb_heading][\/et_pb_column][\/et_pb_row][et_pb_row _builder_version=&#8221;4.27.3&#8243; _module_preset=&#8221;default&#8221; global_colors_info=&#8221;{}&#8221;][et_pb_column type=&#8221;4_4&#8243; _builder_version=&#8221;4.27.3&#8243; _module_preset=&#8221;default&#8221; global_colors_info=&#8221;{}&#8221;][et_pb_text _builder_version=&#8221;4.27.3&#8243; _module_preset=&#8221;7467d508-8d80-43ee-b533-9d51832aaf4f&#8221; text_orientation=&#8221;center&#8221; global_colors_info=&#8221;{}&#8221; custom_padding=&#8221;||0px|||&#8221;]<\/p>\n<p style=\"text-align: left;\"><span>Lingvistorin teht\u00e4v\u00e4n\u00e4 on tarjota t\u00e4sm\u00e4llisi\u00e4 ja kulttuurisesti herkki\u00e4 kieliratkaisuja, jotka antavat yksil\u00f6ille ja yrityksille mahdollisuuden luoda yhteyksi\u00e4 ja menesty\u00e4 globalisoituneessa maailmassa.<\/span><\/p>\n<p>[\/et_pb_text][\/et_pb_column][\/et_pb_row][et_pb_row _builder_version=&#8221;4.27.4&#8243; _module_preset=&#8221;default&#8221; hover_enabled=&#8221;0&#8243; sticky_enabled=&#8221;0&#8243;][et_pb_column _builder_version=&#8221;4.27.4&#8243; _module_preset=&#8221;default&#8221; type=&#8221;4_4&#8243;][et_pb_heading title=&#8221;Laatu ja luottamuksellisuus&#8221; _builder_version=&#8221;4.27.4&#8243; _module_preset=&#8221;default&#8221; hover_enabled=&#8221;0&#8243; sticky_enabled=&#8221;0&#8243;][\/et_pb_heading][\/et_pb_column][\/et_pb_row][et_pb_row _builder_version=&#8221;4.27.3&#8243; _module_preset=&#8221;default&#8221; global_colors_info=&#8221;{}&#8221;][et_pb_column type=&#8221;4_4&#8243; _builder_version=&#8221;4.27.3&#8243; _module_preset=&#8221;default&#8221; global_colors_info=&#8221;{}&#8221;][et_pb_text _builder_version=&#8221;4.27.3&#8243; _module_preset=&#8221;7467d508-8d80-43ee-b533-9d51832aaf4f&#8221; text_orientation=&#8221;center&#8221; global_colors_info=&#8221;{}&#8221; custom_padding=&#8221;||0px|||&#8221;]<\/p>\n<p style=\"text-align: left;\"><span>Olemme ylpeit\u00e4 sitoutumisestamme laatuun ja luottamuksellisuuteen. Tiukat laadunvalvontaprosessimme takaavat tarkkuuden ja luotettavuuden korkeimmat standardit, ja tiukat luottamuksellisuusperiaatteemme takaavat kaikkien asiakastietojen turvallisen k\u00e4sittelyn. <\/span><\/p>\n<p>[\/et_pb_text][\/et_pb_column][\/et_pb_row][\/et_pb_section]<\/p>\n","protected":false},"excerpt":{"rendered":"<p>Vuonna 2024 perustettu Lingvistor on omistautunut kielimuurien murtamiselle ja kulttuurien v\u00e4lisen selke\u00e4n viestinn\u00e4n edist\u00e4miselle. Olemme erikoistuneet tarjoamaan huippuluokan tulkkaus- ja k\u00e4\u00e4nn\u00f6spalveluita ukrainaksi, ruotsiksi, suomeksi ja englanniksi. Lingvistorin teht\u00e4v\u00e4n\u00e4 on tarjota t\u00e4sm\u00e4llisi\u00e4 ja kulttuurisesti herkki\u00e4 kieliratkaisuja, jotka antavat yksil\u00f6ille ja yrityksille mahdollisuuden luoda yhteyksi\u00e4 ja menesty\u00e4 globalisoituneessa maailmassa.Olemme ylpeit\u00e4 sitoutumisestamme laatuun ja luottamuksellisuuteen. Tiukat laadunvalvontaprosessimme takaavat [&hellip;]<\/p>\n","protected":false},"author":1,"featured_media":0,"parent":0,"menu_order":0,"comment_status":"closed","ping_status":"closed","template":"","meta":{"_et_pb_use_builder":"on","_et_pb_old_content":"","_et_gb_content_width":"","footnotes":""},"class_list":["post-283","page","type-page","status-publish","hentry"],"_links":{"self":[{"href":"https:\/\/www.lingvistor.fi\/index.php?rest_route=\/wp\/v2\/pages\/283","targetHints":{"allow":["GET"]}}],"collection":[{"href":"https:\/\/www.lingvistor.fi\/index.php?rest_route=\/wp\/v2\/pages"}],"about":[{"href":"https:\/\/www.lingvistor.fi\/index.php?rest_route=\/wp\/v2\/types\/page"}],"author":[{"embeddable":true,"href":"https:\/\/www.lingvistor.fi\/index.php?rest_route=\/wp\/v2\/users\/1"}],"replies":[{"embeddable":true,"href":"https:\/\/www.lingvistor.fi\/index.php?rest_route=%2Fwp%2Fv2%2Fcomments&post=283"}],"version-history":[{"count":2,"href":"https:\/\/www.lingvistor.fi\/index.php?rest_route=\/wp\/v2\/pages\/283\/revisions"}],"predecessor-version":[{"id":285,"href":"https:\/\/www.lingvistor.fi\/index.php?rest_route=\/wp\/v2\/pages\/283\/revisions\/285"}],"wp:attachment":[{"href":"https:\/\/www.lingvistor.fi\/index.php?rest_route=%2Fwp%2Fv2%2Fmedia&parent=283"}],"curies":[{"name":"wp","href":"https:\/\/api.w.org\/{rel}","templated":true}]}}